{"id":422,"date":"2021-01-24T21:08:09","date_gmt":"2021-01-24T20:08:09","guid":{"rendered":"https:\/\/bdsm-berlin.de\/association\/"},"modified":"2026-01-12T00:05:46","modified_gmt":"2026-01-11T23:05:46","slug":"association","status":"publish","type":"page","link":"https:\/\/bdsm-berlin.de\/en\/association\/","title":{"rendered":"Association"},"content":{"rendered":"\n<h1>\n\t\tAbout the association BDSM Berlin e.V. &#8211; Some FAQs and facts\n\t<\/h1>\n<h2>\n\t\tGoals of the BDSM Berlin e.V.\n\t<\/h2>\n\t<p>We want to be the main information hub in Berlin and the surrounding suburbs for all sadomasochists, fetishists and all other kinks. We not only want to inform, but we also want to help, where help is needed and wanted. May it be the fear of coming out, or lack of information, we are here for you. We are not here to judge, we are here to help.<\/p>\n<p>A big part of being in this lifestyle in this day and age is still the lack of information. We hope to do our part in distributing the right information, informing doctors, lawyers and psychologists that what we do is not wrong, but right for us. We want to show them that we are just people like you and me with the same fears, the same problems, but just a little bit different in our sexuality.<\/p>\n\t\tOverview\n\t\t\t\t\t\n<h3>\n\t\tWhy do we do public relations for &#8220;activities&#8221; that people do at home in their bedrooms?\n\t<\/h3>\n\t<p>Seeing SM from the public eye still has a bit of a No-No attached to it. It&#8217;s being talked about in a hush-hush way, always careful as to who might overhear. <\/p>\n<p>This needs to change. People want to be open. And we want to encourange newcomers to come out and experience their way, our way. It is not easy being sexually open, and even if you are, acknowleding that you are different than many others, in a field that is often stil a taboo, does not make things easier.<\/p>\n<p>What we do NOT want, is to try to convert everyone to write the BDSM logo onto their flags and go out and protest for the recognition and freedom that we all want. What we want is to just ensure that BDSM becomes that what it should be: a socially acceptable norm, with the same rights and the same respect than any &#8220;vanilla&#8221; sexual act. A legitimate presence in the media, as well as being presentabel in the open. This will allow newcomers to not be shy, to come out, meet the right people and talk about what we all love. And that is one of the goals of this association.<\/p>\n<h3>\n\t\tBut BDSM has already become mainstream&#8230; don&#8217;t you read newspapers or watch TV? \n\t<\/h3>\n\t<p>The argument as to: &#8220;Why do you guys even bother? Isn&#8217;t it already normal what you do?&#8221; is one of the biggest problems that we have to fight against.<\/p>\n<p>Especially for newcomers, the experience they want and what they want to know, is often not normaly presented. Added to this is what the media presents is often not the way we want to be portrait.<\/p>\n<p>Nicola Doering writes in <strong>&#8220;Sexuelle Hilfe im Internet&#8221; (sexual help on the internet)<\/strong><\/p>\n<blockquote><p>&#8220;Marginalisierte Formen sexueller Bet\u00e4tigung werden wegen ihres Exoten-Charakters in den Massenmedien (insbesondere in Talkshows und Reportagen) zunehmend vorgef\u00fchrt, wobei die Medien tendenziell eine quotensteigernde Dramatisierung anstreben (z.B. professionelle Dominas treten im Outfit auf und bieten eine kleine Vorf\u00fchrung ihrer Praktiken), w\u00e4hrend es den politisch engagierten Angeh\u00f6rigen der Spezialkulturen in ihrer defensiven strategischen Selbstdarstellung eher darum geht, den Eindruck von Problemlosigkeit und unspektakul\u00e4rer Normalit\u00e4t zu erzeugen, um dadurch der verbreiteten Kriminalisierung (z.B. Verdacht, Menschen mit aktiver sadomasochistischer Pr\u00e4ferenz seien gewaltt\u00e4tig) und Pathologisierung (z.B. Unterstellung, Menschen mit passiver sadomasochistischer Pr\u00e4ferenz seien selbstzerst\u00f6rerisch) entgegenzuwirken. Die massenmedialen Darstellungen bieten potentiell Interessierten zwar einerseits die M\u00f6glichkeit zur Identifikation mit der nun sichtbaren Bezugsgruppe; andererseits wird durch die Popularisierung einer verzerrten und verk\u00fcrzten (z.B. an \u00c4u\u00dferlichkeiten wie Kleidung und Utensilien orientierten) Darstellung erneuter Stereotypisierung Vorschub geleistet (z.B. alle SM-Leute sind in Lack und Leder gekleidet und peitschen sich st\u00e4ndig gegenseitig aus). Schlie\u00dflich f\u00fchrt die starke massenmediale Pr\u00e4senz marginalisierter Sexualit\u00e4ten auch zu der verbreiteten Fehlannahme, es w\u00e4re mittlerweile geradezu chic, im Lebensmodell und in der Sexualit\u00e4t vom Mainstream abzuweichen. Wenn wir die massenmedial inszenierte sexuelle Tabulosigkeit mit der Wirklichkeit verwechseln, laufen wir jedoch Gefahr, reale Ausgrenzung und Diskriminierung aus den Augen zu verlieren.&#8221;<\/p><\/blockquote>\n<p>This quoted text basically explains the combination of the exploitation of the media in the sense that they are putting us into the wrong light, or just doing a portrait of one trait, that is not an overall projection of what it is that we do. Our more politically involved BDSM friends are trying to counter act this, showing that we are not a bunch of violent thugs with psychological disorders. The media itself gives newly interested people a view that is not complete, as it only shows a small part of what is really happening behind the courtain. They basically throw us all under the same wagon&#8230;all dressed in leather, all whipping each other and so on and so forth. This seems to lead to the development of a mainstream society, that has really not much to do with the reality. Looking at this from the media staged &#8220;sexual permissivenes&#8221; brings with it the dangers of loosing sight for real discrimination and ostracism.<\/p>\n<p>For journalists there still only seem to be two ways of handling the topic of Sadomasochism. Its seems to be either: &#8220;Oh how bizzare and exotic!&#8221;, or &#8220;They are even more narrow minded than the rest of us.&#8221;.<\/p>\n<h3>\n\t\tWhat can we do as an association, that we couldn&#8217;t do without one?\n\t<\/h3>\n<h4>\n\t\tMoney.\n\t<\/h4>\n\t<p>One of the big points is simply money. Everything we do these days cost money. Ancouncements in the paper, flyer, web pages, phone bills, the information booth and so on and so forth. Even considering that most of the hours and hours of work that are put into all of this are sponsored by volunteers, the costs dont vanish.<\/p>\nBy having the structure of an association, we at least make a bit of money through the membership fees and dont have to go begging as much.<br \/>\nEverybody knows that public relations cost money and if we want to do what we think needs to get done than that is the only way for us. One other point is that only as an association we are eligible to recieve funds from the government.\n<p>But thats only one of the points of why it is good to have an association.<\/p>\n<h4>\n\t\tPR.\n\t<\/h4>\n\t<p>It also allows for a better coexistence with the press and thus the influence of the public oppinion. It would be really hard to state an oppinion, if at all, if the press would only interview local munches. These are not really interconnected and so just not really relevant in the public oppinion. The existance of an association changes that. For example, there was an article in the &#8220;taz Ruhrgebiet&#8221; (newspaper). They made a survey of 1998 members of the &#8220;SMart Rhein-Ruhr e.V.&#8221; about a porn topic. It was very well written and the reporters were well informed because of the cooperation with the association involved. This would not have been possible if there wouldn&#8217;t have been an association like this.<\/p>\n<h4>\n\t\tTrustworthyness.\n\t<\/h4>\n\t<p>Trustworthyness is another big point. Being a known association with a high profile makes it easier to trust. This helps people that are more on the scared side get involved, because a reputable association is available instead of having to go to a relatively unknown munch. Especially women seem to me more comforted in knowing that this is trustworthy and monitored and the chances that something bad can happen to them are lower than going out on a night dancing.<\/p>\n<h3>\n\t\tWhy do Germans always have to have an association for everything? This is way to burocratic for me!\n\t<\/h3>\n\t<p>There is not much to say about this, except that this is the only option we have. Yes, it is burocratic, and yes, there is a lot of paperwork to be done. But overall, would you rather just stick to your munches, have no idea whats going on outside of your own little world, dont know where parties, events, information or workshops are? Yes, it is a pain in the&#8230;, but if no one does it, nothing happens (even if it has to be through burocracy). <\/p>\n<h3>\n\t\tWhat&#8217;s my incentive to join this association?\n\t<\/h3>\n\tSadly, we are not able to offer you a printed journal or other flashy things. We would love to, but we just dont have the time, money or manpower to indulge you. You become a member, because you want to help change something. You want to make sure that you get the best out of your lifestyle and this association is there for you, to educate, inform and\/or be there for you when you are in need.<br \/>\n    Plus, lets be honest, the membership fees are not that expensive. But they are worth this small investment.\n<h3>\n\t\tShort history of the BDSM Berlin e.V.\n\t<\/h3>\n\t<p>The &#8220;Berliner Stammtisch&#8221; of the irc-channel #bdsm.de was founded in the summer of 1997. It evolved\u00a0a year later, 1998, again in the summer, into the &#8220;Berlin Munch&#8221;. Another year later, this time in the fall, the registered society &#8220;BDSM Berlin e.V.&#8221; was founded to finance the growing expenses for information materials and\u00a0for the\u00a0development of a better platform for public relations.<\/p>\n<p>Since 2000 we are proud to offer information sessions for beginners, themed get togethers\u00a0and workshops with ever changing topics.<\/p>\n<p>By now the Society is considered a non profit Organisation, a member of the <a href=\"http:\/\/www.sexologie.org\/\" target=\"blank\" rel=\"noopener\">Deutschen Gesellschaft f\u00fcr Sozialwissenschaftliche Sexualforschung e.V.<\/a>\u00a0(DGSS)&#8221; (the &#8220;registered German society for sexual sociosientific research&#8221;) as well as a member of the\u00a0BVSM , the &#8220;BundesVereinigung SadoMasochismus e.V.&#8221; (The confederation of sado masochism, a registered society).<\/p>\n\n","protected":false},"excerpt":{"rendered":"<p>About the association BDSM Berlin e.V. &#8211; Some FAQs and facts Goals of the BDSM Berlin e.V. We want to be the main information hub in Berlin and the surrounding suburbs for all sadomasochists, fetishists and all other kinks. We not only want to inform, but we also want to help, where help is needed [&hellip;]<\/p>\n","protected":false},"author":4,"featured_media":0,"parent":0,"menu_order":70,"comment_status":"closed","ping_status":"closed","template":"","meta":{"site-sidebar-layout":"default","site-content-layout":"default","ast-site-content-layout":"default","site-content-style":"default","site-sidebar-style":"default","ast-global-header-display":"","ast-banner-title-visibility":"","ast-main-header-display":"","ast-hfb-above-header-display":"","ast-hfb-below-header-display":"","ast-hfb-mobile-header-display":"","site-post-title":"disabled","ast-breadcrumbs-content":"","ast-featured-img":"disabled","footer-sml-layout":"","ast-disable-related-posts":"","theme-transparent-header-meta":"default","adv-header-id-meta":"","stick-header-meta":"default","header-above-stick-meta":"","header-main-stick-meta":"","header-below-stick-meta":"","astra-migrate-meta-layouts":"default","ast-page-background-enabled":"default","ast-page-background-meta":{"desktop":{"background-color":"","background-image":"","background-repeat":"repeat","background-position":"center center","background-size":"auto","background-attachment":"scroll","background-type":"","background-media":"","overlay-type":"","overlay-color":"","overlay-opacity":"","overlay-gradient":""},"tablet":{"background-color":"","background-image":"","background-repeat":"repeat","background-position":"center center","background-size":"auto","background-attachment":"scroll","background-type":"","background-media":"","overlay-type":"","overlay-color":"","overlay-opacity":"","overlay-gradient":""},"mobile":{"background-color":"","background-image":"","background-repeat":"repeat","background-position":"center center","background-size":"auto","background-attachment":"scroll","background-type":"","background-media":"","overlay-type":"","overlay-color":"","overlay-opacity":"","overlay-gradient":""}},"ast-content-background-meta":{"desktop":{"background-color":"var(--ast-global-color-5)","background-image":"","background-repeat":"repeat","background-position":"center center","background-size":"auto","background-attachment":"scroll","background-type":"","background-media":"","overlay-type":"","overlay-color":"","overlay-opacity":"","overlay-gradient":""},"tablet":{"background-color":"var(--ast-global-color-5)","background-image":"","background-repeat":"repeat","background-position":"center center","background-size":"auto","background-attachment":"scroll","background-type":"","background-media":"","overlay-type":"","overlay-color":"","overlay-opacity":"","overlay-gradient":""},"mobile":{"background-color":"var(--ast-global-color-5)","background-image":"","background-repeat":"repeat","background-position":"center center","background-size":"auto","background-attachment":"scroll","background-type":"","background-media":"","overlay-type":"","overlay-color":"","overlay-opacity":"","overlay-gradient":""}},"footnotes":""},"class_list":["post-422","page","type-page","status-publish","hentry"],"_links":{"self":[{"href":"https:\/\/bdsm-berlin.de\/en\/wp-json\/wp\/v2\/pages\/422","targetHints":{"allow":["GET"]}}],"collection":[{"href":"https:\/\/bdsm-berlin.de\/en\/wp-json\/wp\/v2\/pages"}],"about":[{"href":"https:\/\/bdsm-berlin.de\/en\/wp-json\/wp\/v2\/types\/page"}],"author":[{"embeddable":true,"href":"https:\/\/bdsm-berlin.de\/en\/wp-json\/wp\/v2\/users\/4"}],"replies":[{"embeddable":true,"href":"https:\/\/bdsm-berlin.de\/en\/wp-json\/wp\/v2\/comments?post=422"}],"version-history":[{"count":2,"href":"https:\/\/bdsm-berlin.de\/en\/wp-json\/wp\/v2\/pages\/422\/revisions"}],"predecessor-version":[{"id":533,"href":"https:\/\/bdsm-berlin.de\/en\/wp-json\/wp\/v2\/pages\/422\/revisions\/533"}],"wp:attachment":[{"href":"https:\/\/bdsm-berlin.de\/en\/wp-json\/wp\/v2\/media?parent=422"}],"curies":[{"name":"wp","href":"https:\/\/api.w.org\/{rel}","templated":true}]}}